{"id":4273,"date":"2020-03-26T10:11:42","date_gmt":"2020-03-26T09:11:42","guid":{"rendered":"http:\/\/monolocobcn.com\/?page_id=4273"},"modified":"2026-03-25T10:20:04","modified_gmt":"2026-03-25T09:20:04","slug":"lestudi","status":"publish","type":"page","link":"https:\/\/monolocobcn.com\/ca\/lestudi\/","title":{"rendered":"L&#8217;ESTUDI"},"content":{"rendered":"<div class=\"wpb-content-wrapper\"><p>[vc_row row_content_width=&#8221;grid&#8221; css=&#8221;.vc_custom_1586863623395{margin-bottom: 20px !important;}&#8221;][vc_column][vc_single_image image=&#8221;4151&#8243; img_size=&#8221;full&#8221;][\/vc_column][\/vc_row][vc_row row_content_width=&#8221;grid&#8221; css=&#8221;.vc_custom_1586863632367{margin-bottom: 20px !important;}&#8221;][vc_column width=&#8221;1\/2&#8243;][vc_column_text]Eseyce Estudi Gr\u00e0fic SL. amb nom comercial <strong>monoloco<\/strong>, \u00e9s un estudi de disseny gr\u00e0fic fundat l&#8217;any 2001, especialitzat en la creaci\u00f3 i desenvolupament d&#8217;imatge corporativa tant d&#8217;empreses i institucions, com de productes i el nostre principal objectiu \u00e9s cuidar de la seva marca amb la finalitat d&#8217;enfortir-la i millorar la seva pres\u00e8ncia en els diferents \u00e0mbits en els quals actua.[\/vc_column_text][\/vc_column][vc_column width=&#8221;1\/2&#8243;][vc_column_text]<span style=\"color: #000000;\"><strong>Li oferim un servei integral<\/strong> que va des de la creaci\u00f3 o reestiling de la seva identitat corporativa, fins a la gesti\u00f3 de producci\u00f3 dels diversos materials, passant per una assessoria continuada per a ajudar-lo a orientar la seva marca de la forma m\u00e9s efectiva possible.<\/span>[\/vc_column_text][\/vc_column][\/vc_row][vc_row content_text_aligment=&#8221;left&#8221; css=&#8221;.vc_custom_1588067849257{margin-top: 60px !important;margin-bottom: -20px !important;}&#8221;][vc_column css=&#8221;.vc_custom_1585239415675{padding-bottom: -10px !important;}&#8221;][vc_column_text]<\/p>\n<h3><span style=\"color: #000000;\">SERVEIS<\/span><\/h3>\n<p>[\/vc_column_text][vc_separator css=&#8221;.vc_custom_1588068941064{margin-top: 20px !important;}&#8221;][\/vc_column][\/vc_row][vc_row row_content_width=&#8221;grid&#8221; css=&#8221;.vc_custom_1586863659344{margin-top: 0px !important;margin-bottom: 60px !important;}&#8221;][vc_column width=&#8221;1\/2&#8243;][vc_column_text css=&#8221;&#8221;]<\/p>\n<h4 data-path-to-node=\"4\"><b data-path-to-node=\"4\" data-index-in-node=\"0\">OFF-LINE<\/b><\/h4>\n<p data-path-to-node=\"5,0,0\"><b data-path-to-node=\"5,0,0\" data-index-in-node=\"0\">Imatge corporativa:<\/b> Creem la identitat visual d&#8217;empreses i institucions perqu\u00e8 transmetin els seus valors a primera vista, amb coher\u00e8ncia i personalitat.<\/p>\n<p data-path-to-node=\"5,1,0\"><b data-path-to-node=\"5,1,0\" data-index-in-node=\"0\">Naming:<\/b> Busquem i definim el nom perfecte per al teu projecte o producte, assegurant que sigui memorable, pronunciable i amb sentit.<\/p>\n<p data-path-to-node=\"5,2,0\"><b data-path-to-node=\"5,2,0\" data-index-in-node=\"0\">Manual d\u2019identitat corporativa:<\/b> Documentem les normes d&#8217;\u00fas del teu logotip, tipografies i colors perqu\u00e8 la teva marca s&#8217;apliqui sempre de manera correcta en qualsevol suport.<\/p>\n<p data-path-to-node=\"5,3,0\"><b data-path-to-node=\"5,3,0\" data-index-in-node=\"0\">Redisseny de marca:<\/b> Actualitzem logotips i identitats visuals que s&#8217;han quedat antiquats, rejovenint la marca per\u00f2 respectant-ne l&#8217;ess\u00e8ncia original.<\/p>\n<p data-path-to-node=\"5,4,0\"><b data-path-to-node=\"5,4,0\" data-index-in-node=\"0\">Aplicacions d\u2019identitat corporativa:<\/b> Traslladem la teva marca a qualsevol suport f\u00edsic necessari: des de papereria b\u00e0sica i targetes, fins a uniformes o vehicles.<\/p>\n<p data-path-to-node=\"5,5,0\"><b data-path-to-node=\"5,5,0\" data-index-in-node=\"0\">Projectes de disseny gr\u00e0fic:<\/b> Resolem qualsevol necessitat de comunicaci\u00f3 visual a mida, dissenyant peces \u00faniques per a campanyes, esdeveniments o promocions puntuals.<\/p>\n<p data-path-to-node=\"5,6,0\"><b data-path-to-node=\"5,6,0\" data-index-in-node=\"0\">Implementaci\u00f3 gr\u00e0fica a pack:<\/b> Adaptem el disseny als envasos i embalatges dels teus productes perqu\u00e8 destaquin al lineal i atreguin l&#8217;atenci\u00f3 del consumidor.<\/p>\n<p data-path-to-node=\"5,7,0\"><b data-path-to-node=\"5,7,0\" data-index-in-node=\"0\">Senyal\u00edstica:<\/b> Dissenyem sistemes de senyals clars i integrats amb l&#8217;espai per guiar visualment les persones en oficines, edificis o exposicions.<\/p>\n<p data-path-to-node=\"5,9,0\"><b data-path-to-node=\"5,9,0\" data-index-in-node=\"0\">Revistes:<\/b> Estructurem i dissenyem publicacions peri\u00f2diques, equilibrant perfectament els textos i les imatges per crear lectures atractives.<\/p>\n<p data-path-to-node=\"5,10,0\"><b data-path-to-node=\"5,10,0\" data-index-in-node=\"0\">Publicacions corporatives:<\/b> Donem forma visual a revistes internes, butlletins i dossiers d&#8217;empresa amb un disseny net i molt professional.<\/p>\n<p data-path-to-node=\"5,11,0\"><b data-path-to-node=\"5,11,0\" data-index-in-node=\"0\">Cat\u00e0legs de producte:<\/b> Organitzem i dissenyem el teu cat\u00e0leg comercial perqu\u00e8 mostrar la teva oferta sigui un proc\u00e9s clar, intu\u00eftiu i visualment potent.<\/p>\n<p data-path-to-node=\"5,12,0\"><b data-path-to-node=\"5,12,0\" data-index-in-node=\"0\">Mem\u00f2ries, Fulletons:<\/b> Maquetem mem\u00f2ries anuals, tr\u00edptics i material promocional impr\u00e8s per comunicar dades i missatges de manera directa i visual.<\/p>\n<p data-path-to-node=\"5,13,0\"><b data-path-to-node=\"5,13,0\" data-index-in-node=\"0\">Anuncis premsa:<\/b> Creem gr\u00e0fiques publicit\u00e0ries adaptades als formats de diaris i revistes, pensades per captar r\u00e0pidament l&#8217;atenci\u00f3 del lector.<\/p>\n<p>[\/vc_column_text][\/vc_column][vc_column width=&#8221;1\/2&#8243;][vc_column_text css=&#8221;&#8221;]<\/p>\n<h4><strong>ON-LINE<\/strong><\/h4>\n<p data-path-to-node=\"7,0,0\"><b data-path-to-node=\"7,0,0\" data-index-in-node=\"0\">Webs corporatives \/ microsites web:<\/b> Dissenyem entorns digitals a mida, intu\u00eftius i adaptats a tots els dispositius, per ser el millor aparador de la teva marca a internet.<\/p>\n<p data-path-to-node=\"7,1,0\"><b data-path-to-node=\"7,1,0\" data-index-in-node=\"0\">Disseny d\u2019apps:<\/b> Plantegem la interf\u00edcie (UI) i l&#8217;experi\u00e8ncia visual d&#8217;aplicacions m\u00f2bils perqu\u00e8 siguin f\u00e0cils d&#8217;utilitzar i est\u00e8ticament impecables.<\/p>\n<p data-path-to-node=\"7,2,0\"><b data-path-to-node=\"7,2,0\" data-index-in-node=\"0\">Mailings:<\/b> Dissenyem plantilles i peces per a campanyes de correu electr\u00f2nic corporatiu que afavoreixen la lectura i conviden a la interacci\u00f3.<\/p>\n<p data-path-to-node=\"7,3,0\"><b data-path-to-node=\"7,3,0\" data-index-in-node=\"0\">Invitacions digitals:<\/b> Donem un toc especial als teus esdeveniments amb invitacions digitals adaptades a la teva identitat gr\u00e0fica.<\/p>\n<p data-path-to-node=\"7,4,0\"><b data-path-to-node=\"7,4,0\" data-index-in-node=\"0\">Revistes digitals:<\/b> Traslladem l&#8217;experi\u00e8ncia editorial a les pantalles, dissenyant publicacions interactives molt f\u00e0cils de llegir en qualsevol dispositiu.<\/p>\n<p data-path-to-node=\"7,5,0\"><b data-path-to-node=\"7,5,0\" data-index-in-node=\"0\">Materials xarxes socials:<\/b> Creem plantilles i peces visuals coherents per a Instagram, LinkedIn o altres xarxes, ajudant-te a mantenir un feed actiu i ben cuidat.<\/p>\n<p data-path-to-node=\"7,6,0\"><b data-path-to-node=\"7,6,0\" data-index-in-node=\"0\">Banners:<\/b> Dissenyem peces publicit\u00e0ries digitals cridaneres i adaptades als diferents formats est\u00e0ndard per a les teves campanyes online.<\/p>\n<p>[\/vc_column_text][\/vc_column][\/vc_row][vc_row][vc_column][vc_separator][\/vc_column][\/vc_row]<\/p>\n<\/div>","protected":false},"excerpt":{"rendered":"<p>[vc_row row_content_width=&#8221;grid&#8221; css=&#8221;.vc_custom_1586863623395{margin-bottom: 20px !important;}&#8221;][vc_column][vc_single_image image=&#8221;4151&#8243; img_size=&#8221;full&#8221;][\/vc_column][\/vc_row][vc_row row_content_width=&#8221;grid&#8221; css=&#8221;.vc_custom_1586863632367{margin-bottom: 20px !important;}&#8221;][vc_column width=&#8221;1\/2&#8243;][vc_column_text]Eseyce Estudi Gr\u00e0fic SL. amb nom comercial monoloco, \u00e9s un estudi de disseny gr\u00e0fic fundat l&#8217;any 2001, especialitzat en la creaci\u00f3 i desenvolupament d&#8217;imatge corporativa tant d&#8217;empreses i institucions, [&hellip;]<\/p>\n","protected":false},"author":1,"featured_media":0,"parent":0,"menu_order":0,"comment_status":"closed","ping_status":"closed","template":"","meta":{"footnotes":""},"class_list":["post-4273","page","type-page","status-publish","hentry"],"_links":{"self":[{"href":"https:\/\/monolocobcn.com\/ca\/wp-json\/wp\/v2\/pages\/4273","targetHints":{"allow":["GET"]}}],"collection":[{"href":"https:\/\/monolocobcn.com\/ca\/wp-json\/wp\/v2\/pages"}],"about":[{"href":"https:\/\/monolocobcn.com\/ca\/wp-json\/wp\/v2\/types\/page"}],"author":[{"embeddable":true,"href":"https:\/\/monolocobcn.com\/ca\/wp-json\/wp\/v2\/users\/1"}],"replies":[{"embeddable":true,"href":"https:\/\/monolocobcn.com\/ca\/wp-json\/wp\/v2\/comments?post=4273"}],"version-history":[{"count":0,"href":"https:\/\/monolocobcn.com\/ca\/wp-json\/wp\/v2\/pages\/4273\/revisions"}],"wp:attachment":[{"href":"https:\/\/monolocobcn.com\/ca\/wp-json\/wp\/v2\/media?parent=4273"}],"curies":[{"name":"wp","href":"https:\/\/api.w.org\/{rel}","templated":true}]}}